{"id":23465,"date":"2025-04-15T17:02:29","date_gmt":"2025-04-15T15:02:29","guid":{"rendered":"https:\/\/cortez-engineering.com\/?page_id=23465"},"modified":"2025-12-01T18:37:19","modified_gmt":"2025-12-01T17:37:19","slug":"agb","status":"publish","type":"page","link":"https:\/\/cortez-engineering.com\/es\/agb\/","title":{"rendered":"AGB"},"content":{"rendered":"\n<p>von Hilario Cortez Rivera \u2013 cortez-engineering.com<\/p>\n\n\n\n<ol class=\"wp-block-list\">\n<li>Geltungsbereich<br>Diese Allgemeinen Gesch\u00e4ftsbedingungen (AGB) gelten f\u00fcr alle Vertr\u00e4ge und Leistungen zwischen<br>Hilario Cortez Rivera<br>Waliser Str. 26, 71640 Ludwigsburg<br>(im Folgenden \u201eAnbieter\u201c genannt)<br>und seinen gewerblichen Kunden (Unternehmer im Sinne des \u00a7 14 BGB).<\/li>\n\n\n\n<li>Leistungen<br>Der Anbieter erbringt Ingenieurdienstleistungen, 3D-Druck, Topologieoptimierung sowie technische Beratung und Designleistungen . Die Leistungen werden individuell nach Kundenvorgaben erbracht.<\/li>\n\n\n\n<li>Angebot und Vertragsschluss<br>Alle Angebote sind freibleibend und unverbindlich. Ein Vertrag kommt erst durch eine schriftliche Auftragsbest\u00e4tigung oder durch den Beginn der Leistungserbringung zustande.<\/li>\n\n\n\n<li>Preise und Zahlung<br>Alle Preise verstehen sich in Euro zzgl. der jeweils g\u00fcltigen gesetzlichen Mehrwertsteuer.<br>Zahlungen sind innerhalb von 14 Tagen nach Rechnungsstellung ohne Abzug zu leisten, sofern nicht schriftlich etwas anderes vereinbart wurde.<\/li>\n\n\n\n<li>Eigentum und Nutzungsrechte<br>Alle im Rahmen des Projekts erstellten Entw\u00fcrfe, Daten und Dateien bleiben bis zur vollst\u00e4ndigen Bezahlung Eigentum des Anbieters. Nutzungsrechte werden ausschlie\u00dflich im vertraglich vereinbarten Umfang einger\u00e4umt.<\/li>\n\n\n\n<li>Haftung<br>Der Anbieter haftet nur f\u00fcr Vorsatz und grobe Fahrl\u00e4ssigkeit. F\u00fcr mittelbare Sch\u00e4den, Folgesch\u00e4den oder entgangenen Gewinn wird keine Haftung \u00fcbernommen.<\/li>\n\n\n\n<li>Vertraulichkeit<br>Beide Vertragsparteien verpflichten sich, alle im Rahmen der Zusammenarbeit erhaltenen Informationen vertraulich zu behandeln und nicht an Dritte weiterzugeben.<\/li>\n\n\n\n<li>Gerichtsstand und anwendbares Recht<br>Es gilt das Recht der Bundesrepublik Deutschland. Gerichtsstand ist Ludwigsburg, sofern der Kunde Kaufmann im Sinne des HGB ist.<\/li>\n<\/ol>\n","protected":false},"excerpt":{"rendered":"<p>von Hilario Cortez Rivera \u2013 cortez-engineering.com<\/p>\n","protected":false},"author":1,"featured_media":0,"parent":0,"menu_order":0,"comment_status":"closed","ping_status":"closed","template":"","meta":{"om_disable_all_campaigns":false,"_monsterinsights_skip_tracking":false,"_monsterinsights_sitenote_active":false,"_monsterinsights_sitenote_note":"","_monsterinsights_sitenote_category":0,"footnotes":""},"class_list":["post-23465","page","type-page","status-publish","hentry"],"_links":{"self":[{"href":"https:\/\/cortez-engineering.com\/es\/wp-json\/wp\/v2\/pages\/23465","targetHints":{"allow":["GET"]}}],"collection":[{"href":"https:\/\/cortez-engineering.com\/es\/wp-json\/wp\/v2\/pages"}],"about":[{"href":"https:\/\/cortez-engineering.com\/es\/wp-json\/wp\/v2\/types\/page"}],"author":[{"embeddable":true,"href":"https:\/\/cortez-engineering.com\/es\/wp-json\/wp\/v2\/users\/1"}],"replies":[{"embeddable":true,"href":"https:\/\/cortez-engineering.com\/es\/wp-json\/wp\/v2\/comments?post=23465"}],"version-history":[{"count":1,"href":"https:\/\/cortez-engineering.com\/es\/wp-json\/wp\/v2\/pages\/23465\/revisions"}],"predecessor-version":[{"id":23466,"href":"https:\/\/cortez-engineering.com\/es\/wp-json\/wp\/v2\/pages\/23465\/revisions\/23466"}],"wp:attachment":[{"href":"https:\/\/cortez-engineering.com\/es\/wp-json\/wp\/v2\/media?parent=23465"}],"curies":[{"name":"wp","href":"https:\/\/api.w.org\/{rel}","templated":true}]}}